{"id":3256,"date":"2021-10-31T12:20:53","date_gmt":"2021-11-11T11:31:25","guid":{"rendered":"http:\/\/ivkovic1789.com\/?post_type=product&#038;p=3256"},"modified":"2022-08-06T13:33:31","modified_gmt":"2022-08-06T11:33:31","slug":"futrole-za-naocare-kfn-1s","status":"publish","type":"product","link":"https:\/\/ivkovic1789.com\/en\/product\/futrole-za-naocare-kfn-1s\/","title":{"rendered":"Futrole za nao\u010dare Kfn-1S"},"content":{"rendered":"<p>Elegant case for glasses.<br \/>\nMade of first-class calf leather.<br \/>\nAvailable in two sizes.<br \/>\nIt closes with a velcro flap.<\/p>\n","protected":false},"excerpt":{"rendered":"<p>Tele\u0107a ko\u017ea vrhunskog kvaliteta<\/p>\n","protected":false},"featured_media":3250,"template":"","meta":[],"product_cat":[105,220],"product_tag":[],"class_list":["post-3256","product","type-product","status-publish","has-post-thumbnail","hentry","product_cat-uncategorized-en","product_cat-eyeglasses-cases"],"acf":[],"yoast_head":"<!-- This site is optimized with the Yoast SEO plugin v19.1 - https:\/\/yoast.com\/wordpress\/plugins\/seo\/ -->\n<title>Futrole za nao\u010dare Kfn-1S - Ivkovic<\/title>\n<meta name=\"robots\" content=\"index, follow, max-snippet:-1, max-image-preview:large, max-video-preview:-1\" \/>\n<link rel=\"canonical\" href=\"https:\/\/ivkovic1789.com\/en\/product\/futrole-za-naocare-kfn-1s\/\" \/>\n<meta property=\"og:locale\" content=\"en_US\" \/>\n<meta property=\"og:type\" content=\"article\" \/>\n<meta property=\"og:title\" content=\"Futrole za nao\u010dare Kfn-1S - Ivkovic\" \/>\n<meta property=\"og:description\" content=\"Tele\u0107a ko\u017ea vrhunskog kvaliteta\" \/>\n<meta property=\"og:url\" content=\"https:\/\/ivkovic1789.com\/en\/product\/futrole-za-naocare-kfn-1s\/\" \/>\n<meta property=\"og:site_name\" content=\"Ivkovic\" \/>\n<meta property=\"article:modified_time\" content=\"2022-08-06T11:33:31+00:00\" \/>\n<meta property=\"og:image\" content=\"http:\/\/ivkovic1789.com\/wp-content\/uploads\/2021\/11\/Kfn-1-S-sa-cickom-crvena-montirana.png\" \/>\n\t<meta property=\"og:image:width\" content=\"485\" \/>\n\t<meta property=\"og:image:height\" content=\"485\" \/>\n\t<meta property=\"og:image:type\" content=\"image\/png\" \/>\n<meta name=\"twitter:card\" content=\"summary_large_image\" \/>\n<script type=\"application\/ld+json\" class=\"yoast-schema-graph\">{\"@context\":\"https:\/\/schema.org\",\"@graph\":[{\"@type\":\"WebSite\",\"@id\":\"https:\/\/ivkovic1789.com\/#website\",\"url\":\"https:\/\/ivkovic1789.com\/\",\"name\":\"Ivkovic\",\"description\":\"\",\"potentialAction\":[{\"@type\":\"SearchAction\",\"target\":{\"@type\":\"EntryPoint\",\"urlTemplate\":\"https:\/\/ivkovic1789.com\/?s={search_term_string}\"},\"query-input\":\"required name=search_term_string\"}],\"inLanguage\":\"en-US\"},{\"@type\":\"ImageObject\",\"inLanguage\":\"en-US\",\"@id\":\"https:\/\/ivkovic1789.com\/en\/product\/futrole-za-naocare-kfn-1s\/#primaryimage\",\"url\":\"https:\/\/ivkovic1789.com\/wp-content\/uploads\/2021\/11\/Kfn-1-S-sa-cickom-crvena-montirana.png\",\"contentUrl\":\"https:\/\/ivkovic1789.com\/wp-content\/uploads\/2021\/11\/Kfn-1-S-sa-cickom-crvena-montirana.png\",\"width\":485,\"height\":485},{\"@type\":\"WebPage\",\"@id\":\"https:\/\/ivkovic1789.com\/en\/product\/futrole-za-naocare-kfn-1s\/#webpage\",\"url\":\"https:\/\/ivkovic1789.com\/en\/product\/futrole-za-naocare-kfn-1s\/\",\"name\":\"Futrole za nao\u010dare Kfn-1S - Ivkovic\",\"isPartOf\":{\"@id\":\"https:\/\/ivkovic1789.com\/#website\"},\"primaryImageOfPage\":{\"@id\":\"https:\/\/ivkovic1789.com\/en\/product\/futrole-za-naocare-kfn-1s\/#primaryimage\"},\"datePublished\":\"2021-11-11T11:31:25+00:00\",\"dateModified\":\"2022-08-06T11:33:31+00:00\",\"breadcrumb\":{\"@id\":\"https:\/\/ivkovic1789.com\/en\/product\/futrole-za-naocare-kfn-1s\/#breadcrumb\"},\"inLanguage\":\"en-US\",\"potentialAction\":[{\"@type\":\"ReadAction\",\"target\":[\"https:\/\/ivkovic1789.com\/en\/product\/futrole-za-naocare-kfn-1s\/\"]}]},{\"@type\":\"BreadcrumbList\",\"@id\":\"https:\/\/ivkovic1789.com\/en\/product\/futrole-za-naocare-kfn-1s\/#breadcrumb\",\"itemListElement\":[{\"@type\":\"ListItem\",\"position\":1,\"name\":\"Home\",\"item\":\"https:\/\/ivkovic1789.com\/en\/\"},{\"@type\":\"ListItem\",\"position\":2,\"name\":\"E-Shop\",\"item\":\"https:\/\/ivkovic1789.com\/en\/e-shop\/\"},{\"@type\":\"ListItem\",\"position\":3,\"name\":\"Futrole za nao\u010dare Kfn-1S\"}]}]}<\/script>\n<!-- \/ Yoast SEO plugin. -->","yoast_head_json":{"title":"Futrole za nao\u010dare Kfn-1S - Ivkovic","robots":{"index":"index","follow":"follow","max-snippet":"max-snippet:-1","max-image-preview":"max-image-preview:large","max-video-preview":"max-video-preview:-1"},"canonical":"https:\/\/ivkovic1789.com\/en\/product\/futrole-za-naocare-kfn-1s\/","og_locale":"en_US","og_type":"article","og_title":"Futrole za nao\u010dare Kfn-1S - Ivkovic","og_description":"Tele\u0107a ko\u017ea vrhunskog kvaliteta","og_url":"https:\/\/ivkovic1789.com\/en\/product\/futrole-za-naocare-kfn-1s\/","og_site_name":"Ivkovic","article_modified_time":"2022-08-06T11:33:31+00:00","og_image":[{"width":485,"height":485,"url":"http:\/\/ivkovic1789.com\/wp-content\/uploads\/2021\/11\/Kfn-1-S-sa-cickom-crvena-montirana.png","type":"image\/png"}],"twitter_card":"summary_large_image","schema":{"@context":"https:\/\/schema.org","@graph":[{"@type":"WebSite","@id":"https:\/\/ivkovic1789.com\/#website","url":"https:\/\/ivkovic1789.com\/","name":"Ivkovic","description":"","potentialAction":[{"@type":"SearchAction","target":{"@type":"EntryPoint","urlTemplate":"https:\/\/ivkovic1789.com\/?s={search_term_string}"},"query-input":"required name=search_term_string"}],"inLanguage":"en-US"},{"@type":"ImageObject","inLanguage":"en-US","@id":"https:\/\/ivkovic1789.com\/en\/product\/futrole-za-naocare-kfn-1s\/#primaryimage","url":"https:\/\/ivkovic1789.com\/wp-content\/uploads\/2021\/11\/Kfn-1-S-sa-cickom-crvena-montirana.png","contentUrl":"https:\/\/ivkovic1789.com\/wp-content\/uploads\/2021\/11\/Kfn-1-S-sa-cickom-crvena-montirana.png","width":485,"height":485},{"@type":"WebPage","@id":"https:\/\/ivkovic1789.com\/en\/product\/futrole-za-naocare-kfn-1s\/#webpage","url":"https:\/\/ivkovic1789.com\/en\/product\/futrole-za-naocare-kfn-1s\/","name":"Futrole za nao\u010dare Kfn-1S - Ivkovic","isPartOf":{"@id":"https:\/\/ivkovic1789.com\/#website"},"primaryImageOfPage":{"@id":"https:\/\/ivkovic1789.com\/en\/product\/futrole-za-naocare-kfn-1s\/#primaryimage"},"datePublished":"2021-11-11T11:31:25+00:00","dateModified":"2022-08-06T11:33:31+00:00","breadcrumb":{"@id":"https:\/\/ivkovic1789.com\/en\/product\/futrole-za-naocare-kfn-1s\/#breadcrumb"},"inLanguage":"en-US","potentialAction":[{"@type":"ReadAction","target":["https:\/\/ivkovic1789.com\/en\/product\/futrole-za-naocare-kfn-1s\/"]}]},{"@type":"BreadcrumbList","@id":"https:\/\/ivkovic1789.com\/en\/product\/futrole-za-naocare-kfn-1s\/#breadcrumb","itemListElement":[{"@type":"ListItem","position":1,"name":"Home","item":"https:\/\/ivkovic1789.com\/en\/"},{"@type":"ListItem","position":2,"name":"E-Shop","item":"https:\/\/ivkovic1789.com\/en\/e-shop\/"},{"@type":"ListItem","position":3,"name":"Futrole za nao\u010dare Kfn-1S"}]}]}},"_links":{"self":[{"href":"https:\/\/ivkovic1789.com\/en\/wp-json\/wp\/v2\/product\/3256","targetHints":{"allow":["GET"]}}],"collection":[{"href":"https:\/\/ivkovic1789.com\/en\/wp-json\/wp\/v2\/product"}],"about":[{"href":"https:\/\/ivkovic1789.com\/en\/wp-json\/wp\/v2\/types\/product"}],"wp:featuredmedia":[{"embeddable":true,"href":"https:\/\/ivkovic1789.com\/en\/wp-json\/wp\/v2\/media\/3250"}],"wp:attachment":[{"href":"https:\/\/ivkovic1789.com\/en\/wp-json\/wp\/v2\/media?parent=3256"}],"wp:term":[{"taxonomy":"product_cat","embeddable":true,"href":"https:\/\/ivkovic1789.com\/en\/wp-json\/wp\/v2\/product_cat?post=3256"},{"taxonomy":"product_tag","embeddable":true,"href":"https:\/\/ivkovic1789.com\/en\/wp-json\/wp\/v2\/product_tag?post=3256"}],"curies":[{"name":"wp","href":"https:\/\/api.w.org\/{rel}","templated":true}]}}