{"id":3719,"date":"2021-11-04T08:08:53","date_gmt":"2021-11-16T18:44:59","guid":{"rendered":"http:\/\/ivkovic1789.com\/?post_type=product&#038;p=3719"},"modified":"2024-07-31T10:21:58","modified_gmt":"2024-07-31T08:21:58","slug":"elegant-bag-zt-6","status":"publish","type":"product","link":"https:\/\/ivkovic1789.com\/en\/product\/elegant-bag-zt-6\/","title":{"rendered":"Elegant Bag \u017dT-6"},"content":{"rendered":"<p>An elegant practical bag.<br \/>\nMade of first-class calf leather in interesting colors.<br \/>\nWith its specific design, it captivates at first glance.<br \/>\nGood internal organization and spaciousness make it even more attractive.<br \/>\nSuitable for everyday use.<\/p>\n","protected":false},"excerpt":{"rendered":"<p>Tele\u0107a ko\u017ea vrhunskog kvaliteta<br \/>\n\u017dT-6<\/p>\n","protected":false},"featured_media":2712,"template":"","meta":[],"product_cat":[106,110],"product_tag":[276],"class_list":["post-3719","product","type-product","status-publish","has-post-thumbnail","hentry","product_cat-zenska-kozna-galanterija-en","product_cat-torbe-en-2","product_tag-ivkovic-kozna-torba-leather-bag-en"],"acf":[],"yoast_head":"<!-- This site is optimized with the Yoast SEO plugin v19.1 - https:\/\/yoast.com\/wordpress\/plugins\/seo\/ -->\n<title>Elegant Bag \u017dT-6 - Ivkovic<\/title>\n<meta name=\"robots\" content=\"index, follow, max-snippet:-1, max-image-preview:large, max-video-preview:-1\" \/>\n<link rel=\"canonical\" href=\"https:\/\/ivkovic1789.com\/en\/product\/elegant-bag-zt-6\/\" \/>\n<meta property=\"og:locale\" content=\"en_US\" \/>\n<meta property=\"og:type\" content=\"article\" \/>\n<meta property=\"og:title\" content=\"Elegant Bag \u017dT-6 - Ivkovic\" \/>\n<meta property=\"og:description\" content=\"Tele\u0107a ko\u017ea vrhunskog kvaliteta \u017dT-6\" \/>\n<meta property=\"og:url\" content=\"https:\/\/ivkovic1789.com\/en\/product\/elegant-bag-zt-6\/\" \/>\n<meta property=\"og:site_name\" content=\"Ivkovic\" \/>\n<meta property=\"article:modified_time\" content=\"2024-07-31T08:21:58+00:00\" \/>\n<meta property=\"og:image\" content=\"http:\/\/ivkovic1789.com\/wp-content\/uploads\/2021\/11\/ZT-6-mint-2021-RGB-485x485-px.png\" \/>\n\t<meta property=\"og:image:width\" content=\"485\" \/>\n\t<meta property=\"og:image:height\" content=\"485\" \/>\n\t<meta property=\"og:image:type\" content=\"image\/png\" \/>\n<meta name=\"twitter:card\" content=\"summary_large_image\" \/>\n<script type=\"application\/ld+json\" class=\"yoast-schema-graph\">{\"@context\":\"https:\/\/schema.org\",\"@graph\":[{\"@type\":\"WebSite\",\"@id\":\"https:\/\/ivkovic1789.com\/#website\",\"url\":\"https:\/\/ivkovic1789.com\/\",\"name\":\"Ivkovic\",\"description\":\"\",\"potentialAction\":[{\"@type\":\"SearchAction\",\"target\":{\"@type\":\"EntryPoint\",\"urlTemplate\":\"https:\/\/ivkovic1789.com\/?s={search_term_string}\"},\"query-input\":\"required name=search_term_string\"}],\"inLanguage\":\"en-US\"},{\"@type\":\"ImageObject\",\"inLanguage\":\"en-US\",\"@id\":\"https:\/\/ivkovic1789.com\/en\/product\/elegant-bag-zt-6\/#primaryimage\",\"url\":\"https:\/\/ivkovic1789.com\/wp-content\/uploads\/2021\/11\/ZT-6-mint-2021-RGB-485x485-px.png\",\"contentUrl\":\"https:\/\/ivkovic1789.com\/wp-content\/uploads\/2021\/11\/ZT-6-mint-2021-RGB-485x485-px.png\",\"width\":485,\"height\":485},{\"@type\":\"WebPage\",\"@id\":\"https:\/\/ivkovic1789.com\/en\/product\/elegant-bag-zt-6\/#webpage\",\"url\":\"https:\/\/ivkovic1789.com\/en\/product\/elegant-bag-zt-6\/\",\"name\":\"Elegant Bag \u017dT-6 - Ivkovic\",\"isPartOf\":{\"@id\":\"https:\/\/ivkovic1789.com\/#website\"},\"primaryImageOfPage\":{\"@id\":\"https:\/\/ivkovic1789.com\/en\/product\/elegant-bag-zt-6\/#primaryimage\"},\"datePublished\":\"2021-11-16T18:44:59+00:00\",\"dateModified\":\"2024-07-31T08:21:58+00:00\",\"breadcrumb\":{\"@id\":\"https:\/\/ivkovic1789.com\/en\/product\/elegant-bag-zt-6\/#breadcrumb\"},\"inLanguage\":\"en-US\",\"potentialAction\":[{\"@type\":\"ReadAction\",\"target\":[\"https:\/\/ivkovic1789.com\/en\/product\/elegant-bag-zt-6\/\"]}]},{\"@type\":\"BreadcrumbList\",\"@id\":\"https:\/\/ivkovic1789.com\/en\/product\/elegant-bag-zt-6\/#breadcrumb\",\"itemListElement\":[{\"@type\":\"ListItem\",\"position\":1,\"name\":\"Home\",\"item\":\"https:\/\/ivkovic1789.com\/en\/\"},{\"@type\":\"ListItem\",\"position\":2,\"name\":\"E-Shop\",\"item\":\"https:\/\/ivkovic1789.com\/en\/e-shop\/\"},{\"@type\":\"ListItem\",\"position\":3,\"name\":\"Elegant Bag \u017dT-6\"}]}]}<\/script>\n<!-- \/ Yoast SEO plugin. -->","yoast_head_json":{"title":"Elegant Bag \u017dT-6 - Ivkovic","robots":{"index":"index","follow":"follow","max-snippet":"max-snippet:-1","max-image-preview":"max-image-preview:large","max-video-preview":"max-video-preview:-1"},"canonical":"https:\/\/ivkovic1789.com\/en\/product\/elegant-bag-zt-6\/","og_locale":"en_US","og_type":"article","og_title":"Elegant Bag \u017dT-6 - Ivkovic","og_description":"Tele\u0107a ko\u017ea vrhunskog kvaliteta \u017dT-6","og_url":"https:\/\/ivkovic1789.com\/en\/product\/elegant-bag-zt-6\/","og_site_name":"Ivkovic","article_modified_time":"2024-07-31T08:21:58+00:00","og_image":[{"width":485,"height":485,"url":"http:\/\/ivkovic1789.com\/wp-content\/uploads\/2021\/11\/ZT-6-mint-2021-RGB-485x485-px.png","type":"image\/png"}],"twitter_card":"summary_large_image","schema":{"@context":"https:\/\/schema.org","@graph":[{"@type":"WebSite","@id":"https:\/\/ivkovic1789.com\/#website","url":"https:\/\/ivkovic1789.com\/","name":"Ivkovic","description":"","potentialAction":[{"@type":"SearchAction","target":{"@type":"EntryPoint","urlTemplate":"https:\/\/ivkovic1789.com\/?s={search_term_string}"},"query-input":"required name=search_term_string"}],"inLanguage":"en-US"},{"@type":"ImageObject","inLanguage":"en-US","@id":"https:\/\/ivkovic1789.com\/en\/product\/elegant-bag-zt-6\/#primaryimage","url":"https:\/\/ivkovic1789.com\/wp-content\/uploads\/2021\/11\/ZT-6-mint-2021-RGB-485x485-px.png","contentUrl":"https:\/\/ivkovic1789.com\/wp-content\/uploads\/2021\/11\/ZT-6-mint-2021-RGB-485x485-px.png","width":485,"height":485},{"@type":"WebPage","@id":"https:\/\/ivkovic1789.com\/en\/product\/elegant-bag-zt-6\/#webpage","url":"https:\/\/ivkovic1789.com\/en\/product\/elegant-bag-zt-6\/","name":"Elegant Bag \u017dT-6 - Ivkovic","isPartOf":{"@id":"https:\/\/ivkovic1789.com\/#website"},"primaryImageOfPage":{"@id":"https:\/\/ivkovic1789.com\/en\/product\/elegant-bag-zt-6\/#primaryimage"},"datePublished":"2021-11-16T18:44:59+00:00","dateModified":"2024-07-31T08:21:58+00:00","breadcrumb":{"@id":"https:\/\/ivkovic1789.com\/en\/product\/elegant-bag-zt-6\/#breadcrumb"},"inLanguage":"en-US","potentialAction":[{"@type":"ReadAction","target":["https:\/\/ivkovic1789.com\/en\/product\/elegant-bag-zt-6\/"]}]},{"@type":"BreadcrumbList","@id":"https:\/\/ivkovic1789.com\/en\/product\/elegant-bag-zt-6\/#breadcrumb","itemListElement":[{"@type":"ListItem","position":1,"name":"Home","item":"https:\/\/ivkovic1789.com\/en\/"},{"@type":"ListItem","position":2,"name":"E-Shop","item":"https:\/\/ivkovic1789.com\/en\/e-shop\/"},{"@type":"ListItem","position":3,"name":"Elegant Bag \u017dT-6"}]}]}},"_links":{"self":[{"href":"https:\/\/ivkovic1789.com\/en\/wp-json\/wp\/v2\/product\/3719","targetHints":{"allow":["GET"]}}],"collection":[{"href":"https:\/\/ivkovic1789.com\/en\/wp-json\/wp\/v2\/product"}],"about":[{"href":"https:\/\/ivkovic1789.com\/en\/wp-json\/wp\/v2\/types\/product"}],"wp:featuredmedia":[{"embeddable":true,"href":"https:\/\/ivkovic1789.com\/en\/wp-json\/wp\/v2\/media\/2712"}],"wp:attachment":[{"href":"https:\/\/ivkovic1789.com\/en\/wp-json\/wp\/v2\/media?parent=3719"}],"wp:term":[{"taxonomy":"product_cat","embeddable":true,"href":"https:\/\/ivkovic1789.com\/en\/wp-json\/wp\/v2\/product_cat?post=3719"},{"taxonomy":"product_tag","embeddable":true,"href":"https:\/\/ivkovic1789.com\/en\/wp-json\/wp\/v2\/product_tag?post=3719"}],"curies":[{"name":"wp","href":"https:\/\/api.w.org\/{rel}","templated":true}]}}